{"id":198,"date":"2015-04-16T23:27:03","date_gmt":"2015-04-16T21:27:03","guid":{"rendered":"http:\/\/combetabeillon.ch\/2015\/?page_id=198"},"modified":"2018-10-15T13:33:57","modified_gmt":"2018-10-15T11:33:57","slug":"association-des-amis-de-la-combe-tabeillon","status":"publish","type":"page","link":"https:\/\/www.combetabeillon.ch\/de\/association-des-amis-de-la-combe-tabeillon\/","title":{"rendered":"Verein der Freunde der Combe Tabeillon"},"content":{"rendered":"<p>Vor dem Hintergrund der jurassischen Frage beschloss 1977 eine Gruppe von Freunden eine Kommission f\u00fcr die Renovation der Combe Tabeillon zu bilden. Ziel war es es, einen Begegnunsort f\u00fcr die Dorfbev\u00f6lkerung zu schaffen.<\/p>\n<p>1985 wird der Verein der Freunde der Combe Tabeillon gegr\u00fcndet, um dieser Gruppe von Freiwilligen einen offizielleren Status zu verleihen. Er setzt sich zum Ziel, seinen Mitgliedern sowie Personen, die die Einverleibung des S\u00fcdjura in die Republik und den Kanton Jura als Ideal sehen, den Bauernhof der Combe Tabeillon auf dem Gebiet der Gemeinde Glovelier zur Verf\u00fcgung zu stellen. Die Freunde der Combe Tabeillon waren geboren.<\/p>\n<p>Seiher sind die Freunde der Combe Tabeillon nicht m\u00fcde geworden, die Infrastruktur auszubauen und zu verbessern, um den Bauernhof immer attraktiver zu machen. Die realisierten Unterhaltsarbeiten in der Umgebung haben dazu beigetragen, den Ort aufzuwerten und heute die ganze Sch\u00f6nheit und den Reichtum der Flora und Fauna zu erhalten.<\/p>\n<p>30 Jahre sp\u00e4ter \u00fcbernimmt die neue Generation (haupts\u00e4chlich Spr\u00f6sslinge der Freunde der Combe Tabeillon) nach und nach das Zepter. Neue Ideen entstehen. Die jungen Freunde der Combe Tabeillon m\u00f6chten zus\u00e4tzlich zum G\u00e4stehaus den Bauernhof um eine didaktische Funktion erweitern. L\u00e4ngerfristig ist das Ziel, die Belegungszahlen des Hofes zu erh\u00f6hen und aus der Combe Tabeillon einen Ort zu machen, wo man \u00fcber nachhaltige Entwicklung debattieren und diese in die Praxis umsetzen kann.<\/p>\n<p>2011 beschliesst der Verein eine Statuten- und Namens\u00e4nderung und wird zum Verein der Freunde der Combe Tabeillon.<\/p>","protected":false},"excerpt":{"rendered":"<p>Vor dem Hintergrund der jurassischen Frage beschloss 1977 eine Gruppe von Freunden eine Kommission f\u00fcr die Renovation der Combe Tabeillon zu bilden. Ziel war es es, einen Begegnunsort f\u00fcr die Dorfbev\u00f6lkerung zu schaffen. 1985 wird der Verein der Freunde der Combe Tabeillon gegr\u00fcndet, um dieser Gruppe von Freiwilligen einen offizielleren Status zu verleihen. Er setzt [&hellip;]<\/p>\n","protected":false},"author":1,"featured_media":0,"parent":0,"menu_order":30,"comment_status":"closed","ping_status":"closed","template":"","meta":[],"yoast_head":"<!-- This site is optimized with the Yoast SEO plugin v19.12 - https:\/\/yoast.com\/wordpress\/plugins\/seo\/ -->\n<title>(Deutsch) Verein der Freunde der Combe Tabeillon<\/title>\n<meta name=\"robots\" content=\"index, follow, max-snippet:-1, max-image-preview:large, max-video-preview:-1\" \/>\n<link rel=\"canonical\" href=\"http:\/\/www.combetabeillon.ch\/association-des-amis-de-la-combe-tabeillon\/\" \/>\n<meta property=\"og:locale\" content=\"de_DE\" \/>\n<meta property=\"og:type\" content=\"article\" \/>\n<meta property=\"og:title\" content=\"(Deutsch) Verein der Freunde der Combe Tabeillon\" \/>\n<meta property=\"og:description\" content=\"Vor dem Hintergrund der jurassischen Frage beschloss 1977 eine Gruppe von Freunden eine Kommission f\u00fcr die Renovation der Combe Tabeillon zu bilden. Ziel war es es, einen Begegnunsort f\u00fcr die Dorfbev\u00f6lkerung zu schaffen. 1985 wird der Verein der Freunde der Combe Tabeillon gegr\u00fcndet, um dieser Gruppe von Freiwilligen einen offizielleren Status zu verleihen. Er setzt [&hellip;]\" \/>\n<meta property=\"og:url\" content=\"http:\/\/www.combetabeillon.ch\/association-des-amis-de-la-combe-tabeillon\/\" \/>\n<meta property=\"og:site_name\" content=\"Baurnhof der Combe Tabeillon\" \/>\n<meta property=\"article:modified_time\" content=\"2018-10-15T11:33:57+00:00\" \/>\n<meta name=\"twitter:label1\" content=\"Gesch\u00e4tzte Lesezeit\" \/>\n\t<meta name=\"twitter:data1\" content=\"3 Minuten\" \/>\n<script type=\"application\/ld+json\" class=\"yoast-schema-graph\">{\"@context\":\"https:\/\/schema.org\",\"@graph\":[{\"@type\":\"WebPage\",\"@id\":\"http:\/\/www.combetabeillon.ch\/association-des-amis-de-la-combe-tabeillon\/\",\"url\":\"http:\/\/www.combetabeillon.ch\/association-des-amis-de-la-combe-tabeillon\/\",\"name\":\"(Deutsch) Verein der Freunde der Combe Tabeillon\",\"isPartOf\":{\"@id\":\"https:\/\/www.combetabeillon.ch\/#website\"},\"datePublished\":\"2015-04-16T21:27:03+00:00\",\"dateModified\":\"2018-10-15T11:33:57+00:00\",\"breadcrumb\":{\"@id\":\"http:\/\/www.combetabeillon.ch\/association-des-amis-de-la-combe-tabeillon\/#breadcrumb\"},\"inLanguage\":\"de-DE\",\"potentialAction\":[{\"@type\":\"ReadAction\",\"target\":[\"http:\/\/www.combetabeillon.ch\/association-des-amis-de-la-combe-tabeillon\/\"]}]},{\"@type\":\"BreadcrumbList\",\"@id\":\"http:\/\/www.combetabeillon.ch\/association-des-amis-de-la-combe-tabeillon\/#breadcrumb\",\"itemListElement\":[{\"@type\":\"ListItem\",\"position\":1,\"name\":\"Accueil\",\"item\":\"https:\/\/www.combetabeillon.ch\/\"},{\"@type\":\"ListItem\",\"position\":2,\"name\":\"Association des Amis de la Combe Tabeillon\"}]},{\"@type\":\"WebSite\",\"@id\":\"https:\/\/www.combetabeillon.ch\/#website\",\"url\":\"https:\/\/www.combetabeillon.ch\/\",\"name\":\"Baurnhof der Combe Tabeillon\",\"description\":\"\",\"potentialAction\":[{\"@type\":\"SearchAction\",\"target\":{\"@type\":\"EntryPoint\",\"urlTemplate\":\"https:\/\/www.combetabeillon.ch\/?s={search_term_string}\"},\"query-input\":\"required name=search_term_string\"}],\"inLanguage\":\"de-DE\"}]}<\/script>\n<!-- \/ Yoast SEO plugin. -->","yoast_head_json":{"title":"(Deutsch) Verein der Freunde der Combe Tabeillon","robots":{"index":"index","follow":"follow","max-snippet":"max-snippet:-1","max-image-preview":"max-image-preview:large","max-video-preview":"max-video-preview:-1"},"canonical":"http:\/\/www.combetabeillon.ch\/association-des-amis-de-la-combe-tabeillon\/","og_locale":"de_DE","og_type":"article","og_title":"(Deutsch) Verein der Freunde der Combe Tabeillon","og_description":"Vor dem Hintergrund der jurassischen Frage beschloss 1977 eine Gruppe von Freunden eine Kommission f\u00fcr die Renovation der Combe Tabeillon zu bilden. Ziel war es es, einen Begegnunsort f\u00fcr die Dorfbev\u00f6lkerung zu schaffen. 1985 wird der Verein der Freunde der Combe Tabeillon gegr\u00fcndet, um dieser Gruppe von Freiwilligen einen offizielleren Status zu verleihen. Er setzt [&hellip;]","og_url":"http:\/\/www.combetabeillon.ch\/association-des-amis-de-la-combe-tabeillon\/","og_site_name":"Baurnhof der Combe Tabeillon","article_modified_time":"2018-10-15T11:33:57+00:00","twitter_misc":{"Gesch\u00e4tzte Lesezeit":"3 Minuten"},"schema":{"@context":"https:\/\/schema.org","@graph":[{"@type":"WebPage","@id":"http:\/\/www.combetabeillon.ch\/association-des-amis-de-la-combe-tabeillon\/","url":"http:\/\/www.combetabeillon.ch\/association-des-amis-de-la-combe-tabeillon\/","name":"(Deutsch) Verein der Freunde der Combe Tabeillon","isPartOf":{"@id":"https:\/\/www.combetabeillon.ch\/#website"},"datePublished":"2015-04-16T21:27:03+00:00","dateModified":"2018-10-15T11:33:57+00:00","breadcrumb":{"@id":"http:\/\/www.combetabeillon.ch\/association-des-amis-de-la-combe-tabeillon\/#breadcrumb"},"inLanguage":"de-DE","potentialAction":[{"@type":"ReadAction","target":["http:\/\/www.combetabeillon.ch\/association-des-amis-de-la-combe-tabeillon\/"]}]},{"@type":"BreadcrumbList","@id":"http:\/\/www.combetabeillon.ch\/association-des-amis-de-la-combe-tabeillon\/#breadcrumb","itemListElement":[{"@type":"ListItem","position":1,"name":"Accueil","item":"https:\/\/www.combetabeillon.ch\/"},{"@type":"ListItem","position":2,"name":"Association des Amis de la Combe Tabeillon"}]},{"@type":"WebSite","@id":"https:\/\/www.combetabeillon.ch\/#website","url":"https:\/\/www.combetabeillon.ch\/","name":"Baurnhof der Combe Tabeillon","description":"","potentialAction":[{"@type":"SearchAction","target":{"@type":"EntryPoint","urlTemplate":"https:\/\/www.combetabeillon.ch\/?s={search_term_string}"},"query-input":"required name=search_term_string"}],"inLanguage":"de-DE"}]}},"_links":{"self":[{"href":"https:\/\/www.combetabeillon.ch\/de\/wp-json\/wp\/v2\/pages\/198"}],"collection":[{"href":"https:\/\/www.combetabeillon.ch\/de\/wp-json\/wp\/v2\/pages"}],"about":[{"href":"https:\/\/www.combetabeillon.ch\/de\/wp-json\/wp\/v2\/types\/page"}],"author":[{"embeddable":true,"href":"https:\/\/www.combetabeillon.ch\/de\/wp-json\/wp\/v2\/users\/1"}],"replies":[{"embeddable":true,"href":"https:\/\/www.combetabeillon.ch\/de\/wp-json\/wp\/v2\/comments?post=198"}],"version-history":[{"count":7,"href":"https:\/\/www.combetabeillon.ch\/de\/wp-json\/wp\/v2\/pages\/198\/revisions"}],"predecessor-version":[{"id":833,"href":"https:\/\/www.combetabeillon.ch\/de\/wp-json\/wp\/v2\/pages\/198\/revisions\/833"}],"wp:attachment":[{"href":"https:\/\/www.combetabeillon.ch\/de\/wp-json\/wp\/v2\/media?parent=198"}],"curies":[{"name":"wp","href":"https:\/\/api.w.org\/{rel}","templated":true}]}}