{"id":15,"date":"2015-04-15T11:35:54","date_gmt":"2015-04-15T09:35:54","guid":{"rendered":"http:\/\/combetabeillon.ch\/2015\/?page_id=15"},"modified":"2024-04-21T15:27:35","modified_gmt":"2024-04-21T13:27:35","slug":"tarifs-de-location","status":"publish","type":"page","link":"https:\/\/www.combetabeillon.ch\/de\/tarifs-de-location\/","title":{"rendered":"Mietkonditionen"},"content":{"rendered":"<p><\/p>\n<h3>Von Montag bis Freitag, Preis pro Nacht:<\/h3>\n<form class=\"tarifs\" name=\"tarifSemaine\">\n<table  class=\" table table-hover\" >\n<tbody>\n<tr>\n<td>Anzahl Personen<\/td>\n<td><select name=\"NbPersonnes\" onchange=\"if (NbJours.value==40) {Total.value = Math.ceil(NbPersonnes.value*15)+parseInt(NbJours.value)} else {Total.value = Math.ceil(NbPersonnes.value*13)+parseInt(NbJours.value)}\">\n<option value=\"10\">10<\/option>\n<option value=\"11\">11<\/option>\n<option value=\"12\">12<\/option>\n<option value=\"13\">13<\/option>\n<option value=\"14\">14<\/option>\n<option value=\"15\">15<\/option>\n<option value=\"16\">16<\/option>\n<option value=\"17\">17<\/option>\n<option value=\"18\">18<\/option>\n<option value=\"19\">19<\/option>\n<option value=\"20\">20<\/option>\n<option value=\"21\">21<\/option>\n<option value=\"22\">22<\/option>\n<option value=\"23\">23<\/option>\n<option value=\"24\">24<\/option>\n<option value=\"25\">25<\/option>\n<option value=\"26\">26<\/option>\n<option value=\"27\">27<\/option>\n<option value=\"28\">28<\/option>\n<option value=\"29\">29<\/option>\n<option value=\"30\">30<\/option>\n<\/select><\/td>\n<\/tr>\n<tr>\n<td>Anzahl Tage<\/td>\n<td><select name=\"NbJours\" onchange=\"if (NbJours.value==40) {Total.value = Math.ceil(NbPersonnes.value*15)+parseInt(NbJours.value)} else {Total.value = Math.ceil(NbPersonnes.value*13)+parseInt(NbJours.value)}\">\n<option value=\"40\">1-2 Tage<\/option>\n<option value=\"45\">3-5 Tage<\/option>\n<\/select><\/td>\n<\/tr>\n<tr>\n<td>\u00a0<\/td>\n<td>\u00a0<\/td>\n<\/tr>\n<tr>\n<td>Preis pro Nacht<\/td>\n<td><input name=\"Total\" size=\"6\" type=\"text\" value=\"190\" data-com=\"\" \/> CHF<\/td>\n<\/tr>\n<\/tbody>\n<\/table>\n<\/form>\n<h3>Von Freitag Abend bis Sonntag und allgemeine Feiertage:<\/h3>\n<p>10.- CHF Geb\u00fchr pro Person, minimum 250.- CHF pro Tag.<\/p>\n<p>Gruppenunterkunft 3 (12 Pl\u00e4tze): 120.- CHF<br \/>Gruppenunterkunft 4 (12 Pl\u00e4tze) + Zimmer (6 Pl\u00e4tze): 120.- CHF<\/p>\n<p>F\u00fcr Kinder im obligatorischen Schulalter : Gratis !<\/p>\n<h4>Bemerkungen<\/h4>\n<ul>\n<li>Aufenthaltsgeb\u00fchr: CHF 3.\u2013\/Nacht ab 18 Jahren, nicht inbegriffen.<\/li>\n<li>Putzmittel, Strom und Heizung sind im Preis inbegriffen.<\/li>\n<li>Vergessen sie bitte nicht, Klopapier, Frott\u00e9e-W\u00e4sche und Abfalls\u00e4cke selber mitzubringen (110l-Geb\u00fchrens\u00e4cke vorhanden).<\/li>\n<li>Bitte bringen sie Kissen, Bett\u00fcberz\u00fcge und Schlafs\u00e4cke f\u00fcr die Gruppenunterk\u00fcnfte mit.<\/li>\n<\/ul>\n<h3>\u00a0<\/h3>\n<h3>N\u00fctzliche Dokumente<\/h3>\n<p><li class=\"download\"><img class=\"icon\" src=\"https:\/\/i0.wp.com\/combetabeillon.ch\/2015\/wp-content\/plugins\/wp-downloadmanager\/images\/ext\/pdf.gif?w=648\" alt=\"\" title=\"\" style=\"vertical-align: middle;\" data-recalc-dims=\"1\" \/><a href=\"http:\/\/www.combetabeillon.ch\/download\/Ferme_de_la_Combe_Tabeillon_-_Materialliste.pdf\">Materialliste<\/a><\/strong> (210,3 KB)<br \/>\r\n<\/li><li class=\"download\"><img class=\"icon\" src=\"https:\/\/i0.wp.com\/combetabeillon.ch\/2015\/wp-content\/plugins\/wp-downloadmanager\/images\/ext\/pdf.gif?w=648\" alt=\"\" title=\"\" style=\"vertical-align: middle;\" data-recalc-dims=\"1\" \/><a href=\"http:\/\/www.combetabeillon.ch\/download\/Ferme_de_la_Combe_Tabeillon_-_Mieter-Leitfaden_v2.pdf\">Mieter Leitfaden<\/a><\/strong> (180,3 KB)<br \/>\r\n<\/li><li class=\"download\"><img class=\"icon\" src=\"https:\/\/i0.wp.com\/combetabeillon.ch\/2015\/wp-content\/plugins\/wp-downloadmanager\/images\/ext\/pdf.gif?w=648\" alt=\"\" title=\"\" style=\"vertical-align: middle;\" data-recalc-dims=\"1\" \/><a href=\"http:\/\/www.combetabeillon.ch\/download\/Ferme_de_la_Combe_Tabeillon_-_Rckgabe_der_Rumlichkeiten_v2.pdf\">R\u00fcckgabe der R\u00e4umlichkeiten<\/a><\/strong> (164,3 KB)<br \/>\r\n<\/li><\/p>\n\n\n<p><\/p>","protected":false},"excerpt":{"rendered":"<p>Von Montag bis Freitag, Preis pro Nacht: Anzahl Personen 101112131415161718192021222324252627282930 Anzahl Tage 1-2 Tage3-5 Tage \u00a0 \u00a0 Preis pro Nacht CHF Von Freitag Abend bis Sonntag und allgemeine Feiertage: 10.- CHF Geb\u00fchr pro Person, minimum 250.- CHF pro Tag. Gruppenunterkunft 3 (12 Pl\u00e4tze): 120.- CHFGruppenunterkunft 4 (12 Pl\u00e4tze) + Zimmer (6 Pl\u00e4tze): 120.- CHF F\u00fcr [&hellip;]<\/p>\n","protected":false},"author":1,"featured_media":0,"parent":0,"menu_order":0,"comment_status":"closed","ping_status":"closed","template":"","meta":[],"yoast_head":"<!-- This site is optimized with the Yoast SEO plugin v19.12 - https:\/\/yoast.com\/wordpress\/plugins\/seo\/ -->\n<title>Mietkonditionen  - Baurnhof der Combe Tabeillon<\/title>\n<meta name=\"description\" content=\"Tout sur les locations avec les tarifs en semaine, les week-ends et encore le calendrier des r\u00e9servations et des disponibilit\u00e9s.\" \/>\n<meta name=\"robots\" content=\"index, follow, max-snippet:-1, max-image-preview:large, max-video-preview:-1\" \/>\n<link rel=\"canonical\" href=\"https:\/\/www.combetabeillon.ch\/tarifs-de-location\/\" \/>\n<meta property=\"og:locale\" content=\"de_DE\" \/>\n<meta property=\"og:type\" content=\"article\" \/>\n<meta property=\"og:title\" content=\"[:fr]Tarifs de location [:de]Mietkonditionen [:] - Baurnhof der Combe Tabeillon\" \/>\n<meta property=\"og:description\" content=\"Tout sur les locations avec les tarifs en semaine, les week-ends et encore le calendrier des r\u00e9servations et des disponibilit\u00e9s.\" \/>\n<meta property=\"og:url\" content=\"https:\/\/www.combetabeillon.ch\/tarifs-de-location\/\" \/>\n<meta property=\"og:site_name\" content=\"Baurnhof der Combe Tabeillon\" \/>\n<meta property=\"article:modified_time\" content=\"2024-04-21T13:27:35+00:00\" \/>\n<meta name=\"twitter:label1\" content=\"Gesch\u00e4tzte Lesezeit\" \/>\n\t<meta name=\"twitter:data1\" content=\"2 Minuten\" \/>\n<script type=\"application\/ld+json\" class=\"yoast-schema-graph\">{\"@context\":\"https:\/\/schema.org\",\"@graph\":[{\"@type\":\"WebPage\",\"@id\":\"https:\/\/www.combetabeillon.ch\/tarifs-de-location\/\",\"url\":\"https:\/\/www.combetabeillon.ch\/tarifs-de-location\/\",\"name\":\"[:fr]Tarifs de location [:de]Mietkonditionen [:] - Baurnhof der Combe Tabeillon\",\"isPartOf\":{\"@id\":\"http:\/\/www.combetabeillon.ch\/de\/#website\"},\"datePublished\":\"2015-04-15T09:35:54+00:00\",\"dateModified\":\"2024-04-21T13:27:35+00:00\",\"description\":\"Tout sur les locations avec les tarifs en semaine, les week-ends et encore le calendrier des r\u00e9servations et des disponibilit\u00e9s.\",\"breadcrumb\":{\"@id\":\"https:\/\/www.combetabeillon.ch\/tarifs-de-location\/#breadcrumb\"},\"inLanguage\":\"de-DE\",\"potentialAction\":[{\"@type\":\"ReadAction\",\"target\":[\"https:\/\/www.combetabeillon.ch\/tarifs-de-location\/\"]}]},{\"@type\":\"BreadcrumbList\",\"@id\":\"https:\/\/www.combetabeillon.ch\/tarifs-de-location\/#breadcrumb\",\"itemListElement\":[{\"@type\":\"ListItem\",\"position\":1,\"name\":\"Accueil\",\"item\":\"http:\/\/www.combetabeillon.ch\/de\/\"},{\"@type\":\"ListItem\",\"position\":2,\"name\":\"Tarifs de location\"}]},{\"@type\":\"WebSite\",\"@id\":\"http:\/\/www.combetabeillon.ch\/de\/#website\",\"url\":\"http:\/\/www.combetabeillon.ch\/de\/\",\"name\":\"Baurnhof der Combe Tabeillon\",\"description\":\"\",\"potentialAction\":[{\"@type\":\"SearchAction\",\"target\":{\"@type\":\"EntryPoint\",\"urlTemplate\":\"http:\/\/www.combetabeillon.ch\/de\/?s={search_term_string}\"},\"query-input\":\"required name=search_term_string\"}],\"inLanguage\":\"de-DE\"}]}<\/script>\n<!-- \/ Yoast SEO plugin. -->","yoast_head_json":{"title":"[:fr]Tarifs de location [:de]Mietkonditionen [:] - Baurnhof der Combe Tabeillon","description":"Tout sur les locations avec les tarifs en semaine, les week-ends et encore le calendrier des r\u00e9servations et des disponibilit\u00e9s.","robots":{"index":"index","follow":"follow","max-snippet":"max-snippet:-1","max-image-preview":"max-image-preview:large","max-video-preview":"max-video-preview:-1"},"canonical":"https:\/\/www.combetabeillon.ch\/tarifs-de-location\/","og_locale":"de_DE","og_type":"article","og_title":"[:fr]Tarifs de location [:de]Mietkonditionen [:] - Baurnhof der Combe Tabeillon","og_description":"Tout sur les locations avec les tarifs en semaine, les week-ends et encore le calendrier des r\u00e9servations et des disponibilit\u00e9s.","og_url":"https:\/\/www.combetabeillon.ch\/tarifs-de-location\/","og_site_name":"Baurnhof der Combe Tabeillon","article_modified_time":"2024-04-21T13:27:35+00:00","twitter_misc":{"Gesch\u00e4tzte Lesezeit":"2 Minuten"},"schema":{"@context":"https:\/\/schema.org","@graph":[{"@type":"WebPage","@id":"https:\/\/www.combetabeillon.ch\/tarifs-de-location\/","url":"https:\/\/www.combetabeillon.ch\/tarifs-de-location\/","name":"[:fr]Tarifs de location [:de]Mietkonditionen [:] - Baurnhof der Combe Tabeillon","isPartOf":{"@id":"http:\/\/www.combetabeillon.ch\/de\/#website"},"datePublished":"2015-04-15T09:35:54+00:00","dateModified":"2024-04-21T13:27:35+00:00","description":"Tout sur les locations avec les tarifs en semaine, les week-ends et encore le calendrier des r\u00e9servations et des disponibilit\u00e9s.","breadcrumb":{"@id":"https:\/\/www.combetabeillon.ch\/tarifs-de-location\/#breadcrumb"},"inLanguage":"de-DE","potentialAction":[{"@type":"ReadAction","target":["https:\/\/www.combetabeillon.ch\/tarifs-de-location\/"]}]},{"@type":"BreadcrumbList","@id":"https:\/\/www.combetabeillon.ch\/tarifs-de-location\/#breadcrumb","itemListElement":[{"@type":"ListItem","position":1,"name":"Accueil","item":"http:\/\/www.combetabeillon.ch\/de\/"},{"@type":"ListItem","position":2,"name":"Tarifs de location"}]},{"@type":"WebSite","@id":"http:\/\/www.combetabeillon.ch\/de\/#website","url":"http:\/\/www.combetabeillon.ch\/de\/","name":"Baurnhof der Combe Tabeillon","description":"","potentialAction":[{"@type":"SearchAction","target":{"@type":"EntryPoint","urlTemplate":"http:\/\/www.combetabeillon.ch\/de\/?s={search_term_string}"},"query-input":"required name=search_term_string"}],"inLanguage":"de-DE"}]}},"_links":{"self":[{"href":"https:\/\/www.combetabeillon.ch\/de\/wp-json\/wp\/v2\/pages\/15"}],"collection":[{"href":"https:\/\/www.combetabeillon.ch\/de\/wp-json\/wp\/v2\/pages"}],"about":[{"href":"https:\/\/www.combetabeillon.ch\/de\/wp-json\/wp\/v2\/types\/page"}],"author":[{"embeddable":true,"href":"https:\/\/www.combetabeillon.ch\/de\/wp-json\/wp\/v2\/users\/1"}],"replies":[{"embeddable":true,"href":"https:\/\/www.combetabeillon.ch\/de\/wp-json\/wp\/v2\/comments?post=15"}],"version-history":[{"count":28,"href":"https:\/\/www.combetabeillon.ch\/de\/wp-json\/wp\/v2\/pages\/15\/revisions"}],"predecessor-version":[{"id":2314,"href":"https:\/\/www.combetabeillon.ch\/de\/wp-json\/wp\/v2\/pages\/15\/revisions\/2314"}],"wp:attachment":[{"href":"https:\/\/www.combetabeillon.ch\/de\/wp-json\/wp\/v2\/media?parent=15"}],"curies":[{"name":"wp","href":"https:\/\/api.w.org\/{rel}","templated":true}]}}