{"id":142,"date":"2015-02-19T04:39:32","date_gmt":"2015-02-19T04:39:33","guid":{"rendered":"http:\/\/combetabeillon.ch\/2015\/sample-page-2\/"},"modified":"2015-09-03T21:44:57","modified_gmt":"2015-09-03T19:44:57","slug":"situation-et-acces","status":"publish","type":"page","link":"https:\/\/www.combetabeillon.ch\/de\/situation-et-acces\/","title":{"rendered":"Lage und Zugang"},"content":{"rendered":"<p>Das Tal der Combe Tabeillon erstreckt sich \u00fcber mehr als 40km zwischen Glovelier und dem Plateau der Freiberge im Herzen des Jura. Es ist ca. 15 km von Del\u00e9mont entfernt.<\/p>\n<figure id=\"attachment_145\" class=\"thumbnail wp-caption aligncenter\" style=\"width: 537px\"><img data-attachment-id=\"145\" data-permalink=\"https:\/\/www.combetabeillon.ch\/de\/situation-et-acces\/plan\/\" data-orig-file=\"https:\/\/i0.wp.com\/www.combetabeillon.ch\/2015\/wp-content\/uploads\/plan.jpg?fit=527%2C449&amp;ssl=1\" data-orig-size=\"527,449\" data-comments-opened=\"0\" data-image-meta=\"{&quot;aperture&quot;:&quot;0&quot;,&quot;credit&quot;:&quot;&quot;,&quot;camera&quot;:&quot;&quot;,&quot;caption&quot;:&quot;&quot;,&quot;created_timestamp&quot;:&quot;0&quot;,&quot;copyright&quot;:&quot;&quot;,&quot;focal_length&quot;:&quot;0&quot;,&quot;iso&quot;:&quot;0&quot;,&quot;shutter_speed&quot;:&quot;0&quot;,&quot;title&quot;:&quot;&quot;,&quot;orientation&quot;:&quot;0&quot;}\" data-image-title=\"Plan de situation\" data-image-description=\"\" data-image-caption=\"&lt;p&gt;Plan de situation de la ferme de la Combe Tabeillon&lt;\/p&gt;\n\" data-medium-file=\"https:\/\/i0.wp.com\/www.combetabeillon.ch\/2015\/wp-content\/uploads\/plan.jpg?fit=300%2C256&amp;ssl=1\" data-large-file=\"https:\/\/i0.wp.com\/www.combetabeillon.ch\/2015\/wp-content\/uploads\/plan.jpg?fit=527%2C449&amp;ssl=1\" decoding=\"async\" loading=\"lazy\" class=\"wp-image-145 size-full\" src=\"https:\/\/i0.wp.com\/www.combetabeillon.ch\/2015\/wp-content\/uploads\/plan.jpg?resize=527%2C449\" alt=\"Anfahrt\" width=\"527\" height=\"449\" srcset=\"https:\/\/i0.wp.com\/www.combetabeillon.ch\/2015\/wp-content\/uploads\/plan.jpg?w=527&amp;ssl=1 527w, https:\/\/i0.wp.com\/www.combetabeillon.ch\/2015\/wp-content\/uploads\/plan.jpg?resize=300%2C256&amp;ssl=1 300w\" sizes=\"(max-width: 527px) 100vw, 527px\" data-recalc-dims=\"1\" \/><figcaption class=\"caption wp-caption-text\">Anfahrt auf dem Bauernhof von Combe Tabeillon<\/figcaption><\/figure>\n<p>Der Bauernhof der Combe Tabeillon liegt 3km von Glovelier entfernt entlang der Zuglinie der \u00ab\u00a0Chemins de Fer du Jura (CJ)\u00a0\u00bb auf den Koordinaten 579.496\/240.895 (<a href=\"http:\/\/maps.google.com\/maps?q=%2047%B019%276.95%22%20%207%B010%272.87%22\">Google Maps<\/a>: 47\u00b019\u20196.95\u2033\u00a0 7\u00b010\u20192.87\u2033).<\/p>\n<h3>Zu Fuss\u00a0&#8230;<\/h3>\n<p>Am besten entdeckt man die Combe Tabeillon zu Fuss ab dem Bahnhof Glovelier. Folgen sie den Wegweisern\u00a0! Man braucht ca. 45min.<\/p>\n<h3>Mit dem Fahrrad oder mit Trottinett &#8230;<\/h3>\n<p>Es ist auch m\u00f6glich den Bauernhof mit dem Fahrrad oder dem Trottinett zu erreichen. Mietm\u00f6glichkeiten sind vohanden (siehe unter <a href=\"http:\/\/www.combetabeillon.ch\/activites-de-plein-air\/\">Aktivit\u00e4ten<\/a>).<\/p>\n<h3>Mit dem Zug &#8230;<\/h3>\n<p>Man kann die Combe Tabeillon mit dem \u00f6ffentlichen Verkehr erreichen\u00a0: Nehmen sie die SBB bis Glovelier, dann weiter mit den &#8222;Chemins de Fer du Jura (CJ)&#8220; bis &#8222;Halte de la Combe Tabeillon&#8220;. F\u00fcr Fahrplanausk\u00fcnfte <a href=\"http:\/\/www.sbb.ch\/\" target=\"_blank\">www.sbb.ch<\/a>.<br \/>\nVom Bahnhof \u00ab\u00a0Halte de la Combe Tabeillon\u00a0\u00bb aus erreicht man den Bauernhof der Combe Tabeillon zu Fuss, indem man ca. 1Km in Richtung Glovier zur\u00fcckgeht. Sie brauchen ca. 15min.<\/p>\n<h3>Oder mit dem Auto &#8230;<\/h3>\n<p>Siehe Situationsplan. Denken sie an Car-sharing !<br \/>\n<a href=\"http:\/\/goo.gl\/maps\/mGOMX\" target=\"_blank\">Wegbeschreibung um mit dem Auto die Combe Tabeillon zu erreichen<\/a> (Google Map)<\/p>","protected":false},"excerpt":{"rendered":"<p>Das Tal der Combe Tabeillon erstreckt sich \u00fcber mehr als 40km zwischen Glovelier und dem Plateau der Freiberge im Herzen des Jura. Es ist ca. 15 km von Del\u00e9mont entfernt. Der Bauernhof der Combe Tabeillon liegt 3km von Glovelier entfernt entlang der Zuglinie der \u00ab\u00a0Chemins de Fer du Jura (CJ)\u00a0\u00bb auf den Koordinaten 579.496\/240.895 (Google [&hellip;]<\/p>\n","protected":false},"author":1,"featured_media":0,"parent":0,"menu_order":0,"comment_status":"closed","ping_status":"closed","template":"","meta":[],"yoast_head":"<!-- This site is optimized with the Yoast SEO plugin v19.12 - https:\/\/yoast.com\/wordpress\/plugins\/seo\/ -->\n<title>Lage und Anfahrt auf dem Bauernhof von Combe Tabeillon<\/title>\n<meta name=\"description\" content=\"La ferme de la Combe Tabeillon est accessible \u00e0 pied, \u00e0 v\u00e9lo, \u00e0 trottinette, en train ou en voiture.\" \/>\n<meta name=\"robots\" content=\"index, follow, max-snippet:-1, max-image-preview:large, max-video-preview:-1\" \/>\n<link rel=\"canonical\" href=\"https:\/\/www.combetabeillon.ch\/situation-et-acces\/\" \/>\n<meta property=\"og:locale\" content=\"de_DE\" \/>\n<meta property=\"og:type\" content=\"article\" \/>\n<meta property=\"og:title\" content=\"Lage und Anfahrt auf dem Bauernhof von Combe Tabeillon\" \/>\n<meta property=\"og:description\" content=\"La ferme de la Combe Tabeillon est accessible \u00e0 pied, \u00e0 v\u00e9lo, \u00e0 trottinette, en train ou en voiture.\" \/>\n<meta property=\"og:url\" content=\"https:\/\/www.combetabeillon.ch\/situation-et-acces\/\" \/>\n<meta property=\"og:site_name\" content=\"Baurnhof der Combe Tabeillon\" \/>\n<meta property=\"article:modified_time\" content=\"2015-09-03T19:44:57+00:00\" \/>\n<meta property=\"og:image\" content=\"http:\/\/combetabeillon.ch\/2015\/wp-content\/uploads\/plan.jpg\" \/>\n<meta name=\"twitter:label1\" content=\"Gesch\u00e4tzte Lesezeit\" \/>\n\t<meta name=\"twitter:data1\" content=\"2 Minuten\" \/>\n<script type=\"application\/ld+json\" class=\"yoast-schema-graph\">{\"@context\":\"https:\/\/schema.org\",\"@graph\":[{\"@type\":\"WebPage\",\"@id\":\"https:\/\/www.combetabeillon.ch\/situation-et-acces\/\",\"url\":\"https:\/\/www.combetabeillon.ch\/situation-et-acces\/\",\"name\":\"Lage und Anfahrt auf dem Bauernhof von Combe Tabeillon\",\"isPartOf\":{\"@id\":\"http:\/\/www.combetabeillon.ch\/de\/#website\"},\"datePublished\":\"2015-02-19T04:39:33+00:00\",\"dateModified\":\"2015-09-03T19:44:57+00:00\",\"description\":\"La ferme de la Combe Tabeillon est accessible \u00e0 pied, \u00e0 v\u00e9lo, \u00e0 trottinette, en train ou en voiture.\",\"breadcrumb\":{\"@id\":\"https:\/\/www.combetabeillon.ch\/situation-et-acces\/#breadcrumb\"},\"inLanguage\":\"de-DE\",\"potentialAction\":[{\"@type\":\"ReadAction\",\"target\":[\"https:\/\/www.combetabeillon.ch\/situation-et-acces\/\"]}]},{\"@type\":\"BreadcrumbList\",\"@id\":\"https:\/\/www.combetabeillon.ch\/situation-et-acces\/#breadcrumb\",\"itemListElement\":[{\"@type\":\"ListItem\",\"position\":1,\"name\":\"Accueil\",\"item\":\"http:\/\/www.combetabeillon.ch\/de\/\"},{\"@type\":\"ListItem\",\"position\":2,\"name\":\"Situation et acc\u00e8s\"}]},{\"@type\":\"WebSite\",\"@id\":\"http:\/\/www.combetabeillon.ch\/de\/#website\",\"url\":\"http:\/\/www.combetabeillon.ch\/de\/\",\"name\":\"Baurnhof der Combe Tabeillon\",\"description\":\"\",\"potentialAction\":[{\"@type\":\"SearchAction\",\"target\":{\"@type\":\"EntryPoint\",\"urlTemplate\":\"http:\/\/www.combetabeillon.ch\/de\/?s={search_term_string}\"},\"query-input\":\"required name=search_term_string\"}],\"inLanguage\":\"de-DE\"}]}<\/script>\n<!-- \/ Yoast SEO plugin. -->","yoast_head_json":{"title":"Lage und Anfahrt auf dem Bauernhof von Combe Tabeillon","description":"La ferme de la Combe Tabeillon est accessible \u00e0 pied, \u00e0 v\u00e9lo, \u00e0 trottinette, en train ou en voiture.","robots":{"index":"index","follow":"follow","max-snippet":"max-snippet:-1","max-image-preview":"max-image-preview:large","max-video-preview":"max-video-preview:-1"},"canonical":"https:\/\/www.combetabeillon.ch\/situation-et-acces\/","og_locale":"de_DE","og_type":"article","og_title":"Lage und Anfahrt auf dem Bauernhof von Combe Tabeillon","og_description":"La ferme de la Combe Tabeillon est accessible \u00e0 pied, \u00e0 v\u00e9lo, \u00e0 trottinette, en train ou en voiture.","og_url":"https:\/\/www.combetabeillon.ch\/situation-et-acces\/","og_site_name":"Baurnhof der Combe Tabeillon","article_modified_time":"2015-09-03T19:44:57+00:00","og_image":[{"url":"http:\/\/combetabeillon.ch\/2015\/wp-content\/uploads\/plan.jpg"}],"twitter_misc":{"Gesch\u00e4tzte Lesezeit":"2 Minuten"},"schema":{"@context":"https:\/\/schema.org","@graph":[{"@type":"WebPage","@id":"https:\/\/www.combetabeillon.ch\/situation-et-acces\/","url":"https:\/\/www.combetabeillon.ch\/situation-et-acces\/","name":"Lage und Anfahrt auf dem Bauernhof von Combe Tabeillon","isPartOf":{"@id":"http:\/\/www.combetabeillon.ch\/de\/#website"},"datePublished":"2015-02-19T04:39:33+00:00","dateModified":"2015-09-03T19:44:57+00:00","description":"La ferme de la Combe Tabeillon est accessible \u00e0 pied, \u00e0 v\u00e9lo, \u00e0 trottinette, en train ou en voiture.","breadcrumb":{"@id":"https:\/\/www.combetabeillon.ch\/situation-et-acces\/#breadcrumb"},"inLanguage":"de-DE","potentialAction":[{"@type":"ReadAction","target":["https:\/\/www.combetabeillon.ch\/situation-et-acces\/"]}]},{"@type":"BreadcrumbList","@id":"https:\/\/www.combetabeillon.ch\/situation-et-acces\/#breadcrumb","itemListElement":[{"@type":"ListItem","position":1,"name":"Accueil","item":"http:\/\/www.combetabeillon.ch\/de\/"},{"@type":"ListItem","position":2,"name":"Situation et acc\u00e8s"}]},{"@type":"WebSite","@id":"http:\/\/www.combetabeillon.ch\/de\/#website","url":"http:\/\/www.combetabeillon.ch\/de\/","name":"Baurnhof der Combe Tabeillon","description":"","potentialAction":[{"@type":"SearchAction","target":{"@type":"EntryPoint","urlTemplate":"http:\/\/www.combetabeillon.ch\/de\/?s={search_term_string}"},"query-input":"required name=search_term_string"}],"inLanguage":"de-DE"}]}},"_links":{"self":[{"href":"https:\/\/www.combetabeillon.ch\/de\/wp-json\/wp\/v2\/pages\/142"}],"collection":[{"href":"https:\/\/www.combetabeillon.ch\/de\/wp-json\/wp\/v2\/pages"}],"about":[{"href":"https:\/\/www.combetabeillon.ch\/de\/wp-json\/wp\/v2\/types\/page"}],"author":[{"embeddable":true,"href":"https:\/\/www.combetabeillon.ch\/de\/wp-json\/wp\/v2\/users\/1"}],"replies":[{"embeddable":true,"href":"https:\/\/www.combetabeillon.ch\/de\/wp-json\/wp\/v2\/comments?post=142"}],"version-history":[{"count":9,"href":"https:\/\/www.combetabeillon.ch\/de\/wp-json\/wp\/v2\/pages\/142\/revisions"}],"predecessor-version":[{"id":380,"href":"https:\/\/www.combetabeillon.ch\/de\/wp-json\/wp\/v2\/pages\/142\/revisions\/380"}],"wp:attachment":[{"href":"https:\/\/www.combetabeillon.ch\/de\/wp-json\/wp\/v2\/media?parent=142"}],"curies":[{"name":"wp","href":"https:\/\/api.w.org\/{rel}","templated":true}]}}