{"id":248,"date":"2015-04-21T00:01:44","date_gmt":"2015-04-15T17:07:31","guid":{"rendered":"http:\/\/combetabeillon.ch\/2015\/galerie\/1er-etage-2\/"},"modified":"2024-05-26T17:26:34","modified_gmt":"2024-05-26T15:26:34","slug":"exterieurs","status":"publish","type":"page","link":"http:\/\/www.combetabeillon.ch\/de\/galerie\/exterieurs\/","title":{"rendered":"Aussenbereich"},"content":{"rendered":"<p>Draussen gibt es einen Platz mit breiten Tischen, einer P\u00e9tanque-Feld, einem Foyer, einem Holzschuppen und die umgebende Natur.<\/p>\n<div class=\"tiled-gallery type-rectangular tiled-gallery-unresized\" data-original-width=\"648\" data-carousel-extra='{&quot;blog_id&quot;:1,&quot;permalink&quot;:&quot;http:\\\/\\\/www.combetabeillon.ch\\\/de\\\/galerie\\\/exterieurs\\\/&quot;,&quot;likes_blog_id&quot;:89442978}' itemscope itemtype=\"http:\/\/schema.org\/ImageGallery\" > <div class=\"gallery-row\" style=\"width: 648px; height: 325px;\" data-original-width=\"648\" data-original-height=\"325\" > <div class=\"gallery-group images-1\" style=\"width: 432px; height: 325px;\" data-original-width=\"432\" data-original-height=\"325\" > <div class=\"tiled-gallery-item tiled-gallery-item-large\" itemprop=\"associatedMedia\" itemscope itemtype=\"http:\/\/schema.org\/ImageObject\"> <a href=\"http:\/\/www.combetabeillon.ch\/de\/combe13\/\" border=\"0\" itemprop=\"url\"> <meta itemprop=\"width\" content=\"428\"> <meta itemprop=\"height\" content=\"321\"> <img data-attachment-id=\"239\" data-orig-file=\"http:\/\/www.combetabeillon.ch\/2015\/wp-content\/uploads\/combe13.jpg\" data-orig-size=\"1024,768\" data-comments-opened=\"\" data-image-meta=\"{&quot;aperture&quot;:&quot;74099370.67&quot;,&quot;credit&quot;:&quot;&quot;,&quot;camera&quot;:&quot;&quot;,&quot;caption&quot;:&quot;&quot;,&quot;created_timestamp&quot;:&quot;&quot;,&quot;copyright&quot;:&quot;&quot;,&quot;focal_length&quot;:&quot;74099370.666667&quot;,&quot;iso&quot;:&quot;100&quot;,&quot;shutter_speed&quot;:&quot;74099370.666667&quot;,&quot;title&quot;:&quot;&quot;,&quot;orientation&quot;:&quot;1&quot;}\" data-image-title=\"Vue sur l&#8217;\u00e9tang et la Combe Tabeillon\" data-image-description=\"\" data-medium-file=\"https:\/\/i0.wp.com\/www.combetabeillon.ch\/2015\/wp-content\/uploads\/combe13.jpg?fit=300%2C225\" data-large-file=\"https:\/\/i0.wp.com\/www.combetabeillon.ch\/2015\/wp-content\/uploads\/combe13.jpg?fit=648%2C486\" src=\"https:\/\/i0.wp.com\/www.combetabeillon.ch\/2015\/wp-content\/uploads\/combe13.jpg?w=428&#038;h=321\" width=\"428\" height=\"321\" data-original-width=\"428\" data-original-height=\"321\" itemprop=\"http:\/\/schema.org\/image\" title=\"Vue sur l&#039;\u00e9tang et la Combe Tabeillon\" alt=\"Vue sur l&#039;\u00e9tang et la Combe Tabeillon\" style=\"width: 428px; height: 321px;\" \/> <\/a> <div class=\"tiled-gallery-caption\" itemprop=\"caption description\"> Vue sur l&#8217;\u00e9tang et la Combe Tabeillon <\/div> <\/div> <\/div> <!-- close group --> <div class=\"gallery-group images-2\" style=\"width: 216px; height: 325px;\" data-original-width=\"216\" data-original-height=\"325\" > <div class=\"tiled-gallery-item tiled-gallery-item-small\" itemprop=\"associatedMedia\" itemscope itemtype=\"http:\/\/schema.org\/ImageObject\"> <a href=\"http:\/\/www.combetabeillon.ch\/de\/combe1\/\" border=\"0\" itemprop=\"url\"> <meta itemprop=\"width\" content=\"212\"> <meta itemprop=\"height\" content=\"159\"> <img data-attachment-id=\"241\" data-orig-file=\"http:\/\/www.combetabeillon.ch\/2015\/wp-content\/uploads\/combe1.jpg\" data-orig-size=\"1024,768\" data-comments-opened=\"\" data-image-meta=\"{&quot;aperture&quot;:&quot;74099370.67&quot;,&quot;credit&quot;:&quot;&quot;,&quot;camera&quot;:&quot;&quot;,&quot;caption&quot;:&quot;&quot;,&quot;created_timestamp&quot;:&quot;&quot;,&quot;copyright&quot;:&quot;&quot;,&quot;focal_length&quot;:&quot;74099370.666667&quot;,&quot;iso&quot;:&quot;100&quot;,&quot;shutter_speed&quot;:&quot;74099370.666667&quot;,&quot;title&quot;:&quot;&quot;,&quot;orientation&quot;:&quot;1&quot;}\" data-image-title=\"Piste de p\u00e9tanque\" data-image-description=\"\" data-medium-file=\"https:\/\/i0.wp.com\/www.combetabeillon.ch\/2015\/wp-content\/uploads\/combe1.jpg?fit=300%2C225\" data-large-file=\"https:\/\/i0.wp.com\/www.combetabeillon.ch\/2015\/wp-content\/uploads\/combe1.jpg?fit=648%2C486\" src=\"https:\/\/i0.wp.com\/www.combetabeillon.ch\/2015\/wp-content\/uploads\/combe1.jpg?w=212&#038;h=159\" width=\"212\" height=\"159\" data-original-width=\"212\" data-original-height=\"159\" itemprop=\"http:\/\/schema.org\/image\" title=\"Piste de p\u00e9tanque\" alt=\"Piste de p\u00e9tanque\" style=\"width: 212px; height: 159px;\" \/> <\/a> <div class=\"tiled-gallery-caption\" itemprop=\"caption description\"> Piste de p\u00e9tanque <\/div> <\/div> <div class=\"tiled-gallery-item tiled-gallery-item-small\" itemprop=\"associatedMedia\" itemscope itemtype=\"http:\/\/schema.org\/ImageObject\"> <a href=\"http:\/\/www.combetabeillon.ch\/de\/20220702_113744\/\" border=\"0\" itemprop=\"url\"> <meta itemprop=\"width\" content=\"212\"> <meta itemprop=\"height\" content=\"158\"> <img data-attachment-id=\"2317\" data-orig-file=\"http:\/\/www.combetabeillon.ch\/2015\/wp-content\/uploads\/20220702_113744-scaled.jpg\" data-orig-size=\"2560,1920\" data-comments-opened=\"\" data-image-meta=\"{&quot;aperture&quot;:&quot;1.8&quot;,&quot;credit&quot;:&quot;&quot;,&quot;camera&quot;:&quot;SM-G990B&quot;,&quot;caption&quot;:&quot;&quot;,&quot;created_timestamp&quot;:&quot;1656761864&quot;,&quot;copyright&quot;:&quot;&quot;,&quot;focal_length&quot;:&quot;5.4&quot;,&quot;iso&quot;:&quot;40&quot;,&quot;shutter_speed&quot;:&quot;0.0012903225806452&quot;,&quot;title&quot;:&quot;&quot;,&quot;orientation&quot;:&quot;1&quot;}\" data-image-title=\"Neuer Grill neben dem Dachboden\" data-image-description=\"\" data-medium-file=\"https:\/\/i0.wp.com\/www.combetabeillon.ch\/2015\/wp-content\/uploads\/20220702_113744-scaled.jpg?fit=300%2C225\" data-large-file=\"https:\/\/i0.wp.com\/www.combetabeillon.ch\/2015\/wp-content\/uploads\/20220702_113744-scaled.jpg?fit=648%2C486\" src=\"https:\/\/i0.wp.com\/www.combetabeillon.ch\/2015\/wp-content\/uploads\/20220702_113744-scaled.jpg?w=212&#038;h=158\" width=\"212\" height=\"158\" data-original-width=\"212\" data-original-height=\"158\" itemprop=\"http:\/\/schema.org\/image\" title=\"Neuer Grill neben dem Dachboden\" alt=\"Neuer Grill neben dem Dachboden\" style=\"width: 212px; height: 158px;\" \/> <\/a> <div class=\"tiled-gallery-caption\" itemprop=\"caption description\"> Neuer Grill neben dem Dachboden <\/div> <\/div> <\/div> <!-- close group --> <\/div> <!-- close row --> <div class=\"gallery-row\" style=\"width: 648px; height: 244px;\" data-original-width=\"648\" data-original-height=\"244\" > <div class=\"gallery-group images-1\" style=\"width: 324px; height: 244px;\" data-original-width=\"324\" data-original-height=\"244\" > <div class=\"tiled-gallery-item tiled-gallery-item-large\" itemprop=\"associatedMedia\" itemscope itemtype=\"http:\/\/schema.org\/ImageObject\"> <a href=\"http:\/\/www.combetabeillon.ch\/de\/img_20190629_085953\/\" border=\"0\" itemprop=\"url\"> <meta itemprop=\"width\" content=\"320\"> <meta itemprop=\"height\" content=\"240\"> <img data-attachment-id=\"2320\" data-orig-file=\"http:\/\/www.combetabeillon.ch\/2015\/wp-content\/uploads\/IMG_20190629_085953.jpg\" data-orig-size=\"2560,1920\" data-comments-opened=\"\" data-image-meta=\"{&quot;aperture&quot;:&quot;0&quot;,&quot;credit&quot;:&quot;&quot;,&quot;camera&quot;:&quot;S30&quot;,&quot;caption&quot;:&quot;&quot;,&quot;created_timestamp&quot;:&quot;1561798795&quot;,&quot;copyright&quot;:&quot;&quot;,&quot;focal_length&quot;:&quot;4.6&quot;,&quot;iso&quot;:&quot;316&quot;,&quot;shutter_speed&quot;:&quot;0.033333333333333&quot;,&quot;title&quot;:&quot;&quot;,&quot;orientation&quot;:&quot;0&quot;}\" data-image-title=\"Au\u00dfengrill\" data-image-description=\"\" data-medium-file=\"https:\/\/i0.wp.com\/www.combetabeillon.ch\/2015\/wp-content\/uploads\/IMG_20190629_085953.jpg?fit=300%2C225\" data-large-file=\"https:\/\/i0.wp.com\/www.combetabeillon.ch\/2015\/wp-content\/uploads\/IMG_20190629_085953.jpg?fit=648%2C486\" src=\"https:\/\/i0.wp.com\/www.combetabeillon.ch\/2015\/wp-content\/uploads\/IMG_20190629_085953.jpg?w=320&#038;h=240\" width=\"320\" height=\"240\" data-original-width=\"320\" data-original-height=\"240\" itemprop=\"http:\/\/schema.org\/image\" title=\"Au\u00dfengrill\" alt=\"Au\u00dfengrill\" style=\"width: 320px; height: 240px;\" \/> <\/a> <div class=\"tiled-gallery-caption\" itemprop=\"caption description\"> Au\u00dfengrill <\/div> <\/div> <\/div> <!-- close group --> <div class=\"gallery-group images-1\" style=\"width: 324px; height: 244px;\" data-original-width=\"324\" data-original-height=\"244\" > <div class=\"tiled-gallery-item tiled-gallery-item-large\" itemprop=\"associatedMedia\" itemscope itemtype=\"http:\/\/schema.org\/ImageObject\"> <a href=\"http:\/\/www.combetabeillon.ch\/de\/20240504_095230\/\" border=\"0\" itemprop=\"url\"> <meta itemprop=\"width\" content=\"320\"> <meta itemprop=\"height\" content=\"240\"> <img data-attachment-id=\"2318\" data-orig-file=\"http:\/\/www.combetabeillon.ch\/2015\/wp-content\/uploads\/20240504_095230-scaled.jpg\" data-orig-size=\"2560,1920\" data-comments-opened=\"\" data-image-meta=\"{&quot;aperture&quot;:&quot;1.8&quot;,&quot;credit&quot;:&quot;&quot;,&quot;camera&quot;:&quot;SM-G990B&quot;,&quot;caption&quot;:&quot;&quot;,&quot;created_timestamp&quot;:&quot;1714816351&quot;,&quot;copyright&quot;:&quot;&quot;,&quot;focal_length&quot;:&quot;5.4&quot;,&quot;iso&quot;:&quot;320&quot;,&quot;shutter_speed&quot;:&quot;0.01&quot;,&quot;title&quot;:&quot;&quot;,&quot;orientation&quot;:&quot;1&quot;}\" data-image-title=\"Grill &#8211; Feuerstelle und Spie\u00df\" data-image-description=\"\" data-medium-file=\"https:\/\/i0.wp.com\/www.combetabeillon.ch\/2015\/wp-content\/uploads\/20240504_095230-scaled.jpg?fit=300%2C225\" data-large-file=\"https:\/\/i0.wp.com\/www.combetabeillon.ch\/2015\/wp-content\/uploads\/20240504_095230-scaled.jpg?fit=648%2C486\" src=\"https:\/\/i0.wp.com\/www.combetabeillon.ch\/2015\/wp-content\/uploads\/20240504_095230-scaled.jpg?w=320&#038;h=240\" width=\"320\" height=\"240\" data-original-width=\"320\" data-original-height=\"240\" itemprop=\"http:\/\/schema.org\/image\" title=\"Grill - Feuerstelle und Spie\u00df\" alt=\"Grill - Feuerstelle und Spie\u00df\" style=\"width: 320px; height: 240px;\" \/> <\/a> <div class=\"tiled-gallery-caption\" itemprop=\"caption description\"> Grill &#8211; Feuerstelle und Spie\u00df <\/div> <\/div> <\/div> <!-- close group --> <\/div> <!-- close row --> <\/div>\n<p><\/p>","protected":false},"excerpt":{"rendered":"<p>Draussen gibt es einen Platz mit breiten Tischen, einer P\u00e9tanque-Feld, einem Foyer, einem Holzschuppen und die umgebende Natur.<\/p>\n","protected":false},"author":1,"featured_media":0,"parent":99,"menu_order":3,"comment_status":"closed","ping_status":"closed","template":"page-fullwidth.php","meta":[],"yoast_head":"<!-- This site is optimized with the Yoast SEO plugin v19.12 - https:\/\/yoast.com\/wordpress\/plugins\/seo\/ -->\n<title>Fotos Au\u00dfen mit Tischen, Kamin und Petanque<\/title>\n<meta name=\"description\" content=\"Foto-Galerie au\u00dferhalb der Farm von Combe Tabeillon mit seinen Ort und seine Tische, der Petanque, der Schwerpunkt f\u00fcr Ausbr\u00fcche und dem Scheiterhaufen\" \/>\n<meta name=\"robots\" content=\"index, follow, max-snippet:-1, max-image-preview:large, max-video-preview:-1\" \/>\n<link rel=\"canonical\" href=\"http:\/\/www.combetabeillon.ch\/de\/galerie\/exterieurs\/\" \/>\n<meta property=\"og:locale\" content=\"de_DE\" \/>\n<meta property=\"og:type\" content=\"article\" \/>\n<meta property=\"og:title\" content=\"Fotos Au\u00dfen mit Tischen, Kamin und Petanque\" \/>\n<meta property=\"og:description\" content=\"Foto-Galerie au\u00dferhalb der Farm von Combe Tabeillon mit seinen Ort und seine Tische, der Petanque, der Schwerpunkt f\u00fcr Ausbr\u00fcche und dem Scheiterhaufen\" \/>\n<meta property=\"og:url\" content=\"http:\/\/www.combetabeillon.ch\/de\/galerie\/exterieurs\/\" \/>\n<meta property=\"og:site_name\" content=\"Baurnhof der Combe Tabeillon\" \/>\n<meta property=\"article:modified_time\" content=\"2024-05-26T15:26:34+00:00\" \/>\n<meta property=\"og:image\" content=\"https:\/\/i0.wp.com\/www.combetabeillon.ch\/2015\/wp-content\/uploads\/combe13.jpg?w=668&#038;h=501\" \/>\n<meta name=\"twitter:label1\" content=\"Gesch\u00e4tzte Lesezeit\" \/>\n\t<meta name=\"twitter:data1\" content=\"1 Minute\" \/>\n<script type=\"application\/ld+json\" class=\"yoast-schema-graph\">{\"@context\":\"https:\/\/schema.org\",\"@graph\":[{\"@type\":\"WebPage\",\"@id\":\"http:\/\/www.combetabeillon.ch\/de\/galerie\/exterieurs\/\",\"url\":\"http:\/\/www.combetabeillon.ch\/de\/galerie\/exterieurs\/\",\"name\":\"Fotos Au\u00dfen mit Tischen, Kamin und Petanque\",\"isPartOf\":{\"@id\":\"https:\/\/www.combetabeillon.ch\/#website\"},\"datePublished\":\"2015-04-15T17:07:31+00:00\",\"dateModified\":\"2024-05-26T15:26:34+00:00\",\"description\":\"Foto-Galerie au\u00dferhalb der Farm von Combe Tabeillon mit seinen Ort und seine Tische, der Petanque, der Schwerpunkt f\u00fcr Ausbr\u00fcche und dem Scheiterhaufen\",\"breadcrumb\":{\"@id\":\"http:\/\/www.combetabeillon.ch\/de\/galerie\/exterieurs\/#breadcrumb\"},\"inLanguage\":\"de-DE\",\"potentialAction\":[{\"@type\":\"ReadAction\",\"target\":[\"http:\/\/www.combetabeillon.ch\/de\/galerie\/exterieurs\/\"]}]},{\"@type\":\"BreadcrumbList\",\"@id\":\"http:\/\/www.combetabeillon.ch\/de\/galerie\/exterieurs\/#breadcrumb\",\"itemListElement\":[{\"@type\":\"ListItem\",\"position\":1,\"name\":\"Accueil\",\"item\":\"https:\/\/www.combetabeillon.ch\/\"},{\"@type\":\"ListItem\",\"position\":2,\"name\":\"Galerie\",\"item\":\"http:\/\/www.combetabeillon.ch\/galerie\/\"},{\"@type\":\"ListItem\",\"position\":3,\"name\":\"Aussenbereich\"}]},{\"@type\":\"WebSite\",\"@id\":\"https:\/\/www.combetabeillon.ch\/#website\",\"url\":\"https:\/\/www.combetabeillon.ch\/\",\"name\":\"Baurnhof der Combe Tabeillon\",\"description\":\"\",\"potentialAction\":[{\"@type\":\"SearchAction\",\"target\":{\"@type\":\"EntryPoint\",\"urlTemplate\":\"https:\/\/www.combetabeillon.ch\/?s={search_term_string}\"},\"query-input\":\"required name=search_term_string\"}],\"inLanguage\":\"de-DE\"}]}<\/script>\n<!-- \/ Yoast SEO plugin. -->","yoast_head_json":{"title":"Fotos Au\u00dfen mit Tischen, Kamin und Petanque","description":"Foto-Galerie au\u00dferhalb der Farm von Combe Tabeillon mit seinen Ort und seine Tische, der Petanque, der Schwerpunkt f\u00fcr Ausbr\u00fcche und dem Scheiterhaufen","robots":{"index":"index","follow":"follow","max-snippet":"max-snippet:-1","max-image-preview":"max-image-preview:large","max-video-preview":"max-video-preview:-1"},"canonical":"http:\/\/www.combetabeillon.ch\/de\/galerie\/exterieurs\/","og_locale":"de_DE","og_type":"article","og_title":"Fotos Au\u00dfen mit Tischen, Kamin und Petanque","og_description":"Foto-Galerie au\u00dferhalb der Farm von Combe Tabeillon mit seinen Ort und seine Tische, der Petanque, der Schwerpunkt f\u00fcr Ausbr\u00fcche und dem Scheiterhaufen","og_url":"http:\/\/www.combetabeillon.ch\/de\/galerie\/exterieurs\/","og_site_name":"Baurnhof der Combe Tabeillon","article_modified_time":"2024-05-26T15:26:34+00:00","og_image":[{"url":"https:\/\/i0.wp.com\/www.combetabeillon.ch\/2015\/wp-content\/uploads\/combe13.jpg?w=668&#038;h=501"}],"twitter_misc":{"Gesch\u00e4tzte Lesezeit":"1 Minute"},"schema":{"@context":"https:\/\/schema.org","@graph":[{"@type":"WebPage","@id":"http:\/\/www.combetabeillon.ch\/de\/galerie\/exterieurs\/","url":"http:\/\/www.combetabeillon.ch\/de\/galerie\/exterieurs\/","name":"Fotos Au\u00dfen mit Tischen, Kamin und Petanque","isPartOf":{"@id":"https:\/\/www.combetabeillon.ch\/#website"},"datePublished":"2015-04-15T17:07:31+00:00","dateModified":"2024-05-26T15:26:34+00:00","description":"Foto-Galerie au\u00dferhalb der Farm von Combe Tabeillon mit seinen Ort und seine Tische, der Petanque, der Schwerpunkt f\u00fcr Ausbr\u00fcche und dem Scheiterhaufen","breadcrumb":{"@id":"http:\/\/www.combetabeillon.ch\/de\/galerie\/exterieurs\/#breadcrumb"},"inLanguage":"de-DE","potentialAction":[{"@type":"ReadAction","target":["http:\/\/www.combetabeillon.ch\/de\/galerie\/exterieurs\/"]}]},{"@type":"BreadcrumbList","@id":"http:\/\/www.combetabeillon.ch\/de\/galerie\/exterieurs\/#breadcrumb","itemListElement":[{"@type":"ListItem","position":1,"name":"Accueil","item":"https:\/\/www.combetabeillon.ch\/"},{"@type":"ListItem","position":2,"name":"Galerie","item":"http:\/\/www.combetabeillon.ch\/galerie\/"},{"@type":"ListItem","position":3,"name":"Aussenbereich"}]},{"@type":"WebSite","@id":"https:\/\/www.combetabeillon.ch\/#website","url":"https:\/\/www.combetabeillon.ch\/","name":"Baurnhof der Combe Tabeillon","description":"","potentialAction":[{"@type":"SearchAction","target":{"@type":"EntryPoint","urlTemplate":"https:\/\/www.combetabeillon.ch\/?s={search_term_string}"},"query-input":"required name=search_term_string"}],"inLanguage":"de-DE"}]}},"_links":{"self":[{"href":"http:\/\/www.combetabeillon.ch\/de\/wp-json\/wp\/v2\/pages\/248"}],"collection":[{"href":"http:\/\/www.combetabeillon.ch\/de\/wp-json\/wp\/v2\/pages"}],"about":[{"href":"http:\/\/www.combetabeillon.ch\/de\/wp-json\/wp\/v2\/types\/page"}],"author":[{"embeddable":true,"href":"http:\/\/www.combetabeillon.ch\/de\/wp-json\/wp\/v2\/users\/1"}],"replies":[{"embeddable":true,"href":"http:\/\/www.combetabeillon.ch\/de\/wp-json\/wp\/v2\/comments?post=248"}],"version-history":[{"count":5,"href":"http:\/\/www.combetabeillon.ch\/de\/wp-json\/wp\/v2\/pages\/248\/revisions"}],"predecessor-version":[{"id":2324,"href":"http:\/\/www.combetabeillon.ch\/de\/wp-json\/wp\/v2\/pages\/248\/revisions\/2324"}],"up":[{"embeddable":true,"href":"http:\/\/www.combetabeillon.ch\/de\/wp-json\/wp\/v2\/pages\/99"}],"wp:attachment":[{"href":"http:\/\/www.combetabeillon.ch\/de\/wp-json\/wp\/v2\/media?parent=248"}],"curies":[{"name":"wp","href":"https:\/\/api.w.org\/{rel}","templated":true}]}}