{"id":109,"date":"2015-04-15T19:07:31","date_gmt":"2015-04-15T17:07:31","guid":{"rendered":"http:\/\/combetabeillon.ch\/2015\/galerie\/rez-de-chaussee-2\/"},"modified":"2017-08-09T07:53:48","modified_gmt":"2017-08-09T05:53:48","slug":"1er-etage","status":"publish","type":"page","link":"http:\/\/www.combetabeillon.ch\/de\/galerie\/1er-etage\/","title":{"rendered":"1. Stock"},"content":{"rendered":"<p>Im 1. Stock befinden sich zwei Gruppenunterk\u00fcnfte. In jeden k\u00f6nnen 12 Personen schlafen. Das Zimmer hat ein Doppelbett und zwei Kaj\u00fctenbetten. Daneben befinden sich 2 Toiletten, 2 grosse Lavabos und 5\u00a0Duschen.<\/p>\n<p><div class=\"tiled-gallery type-rectangular tiled-gallery-unresized\" data-original-width=\"648\" data-carousel-extra='{&quot;blog_id&quot;:1,&quot;permalink&quot;:&quot;http:\\\/\\\/www.combetabeillon.ch\\\/de\\\/galerie\\\/1er-etage\\\/&quot;,&quot;likes_blog_id&quot;:89442978}' itemscope itemtype=\"http:\/\/schema.org\/ImageGallery\" > <div class=\"gallery-row\" style=\"width: 648px; height: 325px;\" data-original-width=\"648\" data-original-height=\"325\" > <div class=\"gallery-group images-1\" style=\"width: 432px; height: 325px;\" data-original-width=\"432\" data-original-height=\"325\" > <div class=\"tiled-gallery-item tiled-gallery-item-large\" itemprop=\"associatedMedia\" itemscope itemtype=\"http:\/\/schema.org\/ImageObject\"> <a href=\"http:\/\/www.combetabeillon.ch\/de\/dortoir001\/\" border=\"0\" itemprop=\"url\"> <meta itemprop=\"width\" content=\"428\"> <meta itemprop=\"height\" content=\"321\"> <img data-attachment-id=\"82\" data-orig-file=\"http:\/\/www.combetabeillon.ch\/2015\/wp-content\/uploads\/dortoir001.jpg\" data-orig-size=\"800,600\" data-comments-opened=\"\" data-image-meta=\"{&quot;aperture&quot;:&quot;2&quot;,&quot;credit&quot;:&quot;&quot;,&quot;camera&quot;:&quot;Canon PowerShot G2&quot;,&quot;caption&quot;:&quot;&quot;,&quot;created_timestamp&quot;:&quot;1102767985&quot;,&quot;copyright&quot;:&quot;&quot;,&quot;focal_length&quot;:&quot;7&quot;,&quot;iso&quot;:&quot;0&quot;,&quot;shutter_speed&quot;:&quot;0.066666666666667&quot;,&quot;title&quot;:&quot;&quot;,&quot;orientation&quot;:&quot;1&quot;}\" data-image-title=\"Erster Schlafraum mit 12 Betten\" data-image-description=\"\" data-medium-file=\"https:\/\/i0.wp.com\/www.combetabeillon.ch\/2015\/wp-content\/uploads\/dortoir001.jpg?fit=300%2C225\" data-large-file=\"https:\/\/i0.wp.com\/www.combetabeillon.ch\/2015\/wp-content\/uploads\/dortoir001.jpg?fit=648%2C486\" src=\"https:\/\/i0.wp.com\/www.combetabeillon.ch\/2015\/wp-content\/uploads\/dortoir001.jpg?w=428&#038;h=321\" width=\"428\" height=\"321\" data-original-width=\"428\" data-original-height=\"321\" itemprop=\"http:\/\/schema.org\/image\" title=\"Erster Schlafraum mit 12 Betten\" alt=\"Erster Schlafraum mit 12 Betten\" style=\"width: 428px; height: 321px;\" \/> <\/a> <div class=\"tiled-gallery-caption\" itemprop=\"caption description\"> Erster Schlafraum mit 12 Betten <\/div> <\/div> <\/div> <!-- close group --> <div class=\"gallery-group images-2\" style=\"width: 216px; height: 325px;\" data-original-width=\"216\" data-original-height=\"325\" > <div class=\"tiled-gallery-item tiled-gallery-item-small\" itemprop=\"associatedMedia\" itemscope itemtype=\"http:\/\/schema.org\/ImageObject\"> <a href=\"http:\/\/www.combetabeillon.ch\/de\/p1050176\/\" border=\"0\" itemprop=\"url\"> <meta itemprop=\"width\" content=\"212\"> <meta itemprop=\"height\" content=\"159\"> <img data-attachment-id=\"133\" data-orig-file=\"http:\/\/www.combetabeillon.ch\/2015\/wp-content\/uploads\/P1050176.jpg\" data-orig-size=\"3648,2736\" data-comments-opened=\"\" data-image-meta=\"{&quot;aperture&quot;:&quot;3.3&quot;,&quot;credit&quot;:&quot;&quot;,&quot;camera&quot;:&quot;DMC-TZ7&quot;,&quot;caption&quot;:&quot;&quot;,&quot;created_timestamp&quot;:&quot;1333191953&quot;,&quot;copyright&quot;:&quot;&quot;,&quot;focal_length&quot;:&quot;4.1&quot;,&quot;iso&quot;:&quot;100&quot;,&quot;shutter_speed&quot;:&quot;0.033333333333333&quot;,&quot;title&quot;:&quot;&quot;,&quot;orientation&quot;:&quot;1&quot;}\" data-image-title=\"Kleiner Schlafraum mit 12 Betten\" data-image-description=\"\" data-medium-file=\"https:\/\/i0.wp.com\/www.combetabeillon.ch\/2015\/wp-content\/uploads\/P1050176.jpg?fit=300%2C225\" data-large-file=\"https:\/\/i0.wp.com\/www.combetabeillon.ch\/2015\/wp-content\/uploads\/P1050176.jpg?fit=648%2C486\" src=\"https:\/\/i0.wp.com\/www.combetabeillon.ch\/2015\/wp-content\/uploads\/P1050176.jpg?w=212&#038;h=159\" width=\"212\" height=\"159\" data-original-width=\"212\" data-original-height=\"159\" itemprop=\"http:\/\/schema.org\/image\" title=\"Kleiner Schlafraum mit 12 Betten\" alt=\"Kleiner Schlafraum mit 12 Betten\" style=\"width: 212px; height: 159px;\" \/> <\/a> <div class=\"tiled-gallery-caption\" itemprop=\"caption description\"> Kleiner Schlafraum mit 12 Betten <\/div> <\/div> <div class=\"tiled-gallery-item tiled-gallery-item-small\" itemprop=\"associatedMedia\" itemscope itemtype=\"http:\/\/schema.org\/ImageObject\"> <a href=\"http:\/\/www.combetabeillon.ch\/de\/p1050177\/\" border=\"0\" itemprop=\"url\"> <meta itemprop=\"width\" content=\"212\"> <meta itemprop=\"height\" content=\"158\"> <img data-attachment-id=\"134\" data-orig-file=\"http:\/\/www.combetabeillon.ch\/2015\/wp-content\/uploads\/P1050177.jpg\" data-orig-size=\"3648,2736\" data-comments-opened=\"\" data-image-meta=\"{&quot;aperture&quot;:&quot;3.3&quot;,&quot;credit&quot;:&quot;&quot;,&quot;camera&quot;:&quot;DMC-TZ7&quot;,&quot;caption&quot;:&quot;&quot;,&quot;created_timestamp&quot;:&quot;1333191967&quot;,&quot;copyright&quot;:&quot;&quot;,&quot;focal_length&quot;:&quot;4.1&quot;,&quot;iso&quot;:&quot;100&quot;,&quot;shutter_speed&quot;:&quot;0.033333333333333&quot;,&quot;title&quot;:&quot;&quot;,&quot;orientation&quot;:&quot;1&quot;}\" data-image-title=\"Kleiner Schlafraum mit 12 Betten\" data-image-description=\"\" data-medium-file=\"https:\/\/i0.wp.com\/www.combetabeillon.ch\/2015\/wp-content\/uploads\/P1050177.jpg?fit=300%2C225\" data-large-file=\"https:\/\/i0.wp.com\/www.combetabeillon.ch\/2015\/wp-content\/uploads\/P1050177.jpg?fit=648%2C486\" src=\"https:\/\/i0.wp.com\/www.combetabeillon.ch\/2015\/wp-content\/uploads\/P1050177.jpg?w=212&#038;h=158\" width=\"212\" height=\"158\" data-original-width=\"212\" data-original-height=\"158\" itemprop=\"http:\/\/schema.org\/image\" title=\"Kleiner Schlafraum mit 12 Betten\" alt=\"Kleiner Schlafraum mit 12 Betten\" style=\"width: 212px; height: 158px;\" \/> <\/a> <div class=\"tiled-gallery-caption\" itemprop=\"caption description\"> Kleiner Schlafraum mit 12 Betten <\/div> <\/div> <\/div> <!-- close group --> <\/div> <!-- close row --> <div class=\"gallery-row\" style=\"width: 648px; height: 458px;\" data-original-width=\"648\" data-original-height=\"458\" > <div class=\"gallery-group images-2\" style=\"width: 304px; height: 458px;\" data-original-width=\"304\" data-original-height=\"458\" > <div class=\"tiled-gallery-item tiled-gallery-item-large\" itemprop=\"associatedMedia\" itemscope itemtype=\"http:\/\/schema.org\/ImageObject\"> <a href=\"http:\/\/www.combetabeillon.ch\/de\/chambredouble001\/\" border=\"0\" itemprop=\"url\"> <meta itemprop=\"width\" content=\"300\"> <meta itemprop=\"height\" content=\"225\"> <img data-attachment-id=\"60\" data-orig-file=\"http:\/\/www.combetabeillon.ch\/2015\/wp-content\/uploads\/chambredouble001.jpg\" data-orig-size=\"800,600\" data-comments-opened=\"\" data-image-meta=\"{&quot;aperture&quot;:&quot;0&quot;,&quot;credit&quot;:&quot;&quot;,&quot;camera&quot;:&quot;&quot;,&quot;caption&quot;:&quot;&quot;,&quot;created_timestamp&quot;:&quot;0&quot;,&quot;copyright&quot;:&quot;&quot;,&quot;focal_length&quot;:&quot;0&quot;,&quot;iso&quot;:&quot;0&quot;,&quot;shutter_speed&quot;:&quot;0&quot;,&quot;title&quot;:&quot;&quot;,&quot;orientation&quot;:&quot;0&quot;}\" data-image-title=\"Schlafzimmer mit 4 Einzelbetten und 1 Doppelbett\" data-image-description=\"\" data-medium-file=\"https:\/\/i0.wp.com\/www.combetabeillon.ch\/2015\/wp-content\/uploads\/chambredouble001.jpg?fit=300%2C225\" data-large-file=\"https:\/\/i0.wp.com\/www.combetabeillon.ch\/2015\/wp-content\/uploads\/chambredouble001.jpg?fit=648%2C486\" src=\"https:\/\/i0.wp.com\/www.combetabeillon.ch\/2015\/wp-content\/uploads\/chambredouble001.jpg?w=300&#038;h=225\" width=\"300\" height=\"225\" data-original-width=\"300\" data-original-height=\"225\" itemprop=\"http:\/\/schema.org\/image\" title=\"Schlafzimmer mit 4 Einzelbetten und 1 Doppelbett\" alt=\"Schlafzimmer mit 4 Einzelbetten und 1 Doppelbett\" style=\"width: 300px; height: 225px;\" \/> <\/a> <div class=\"tiled-gallery-caption\" itemprop=\"caption description\"> Schlafzimmer mit 4 Einzelbetten und 1 Doppelbett <\/div> <\/div> <div class=\"tiled-gallery-item tiled-gallery-item-large\" itemprop=\"associatedMedia\" itemscope itemtype=\"http:\/\/schema.org\/ImageObject\"> <a href=\"http:\/\/www.combetabeillon.ch\/de\/lavabos001\/\" border=\"0\" itemprop=\"url\"> <meta itemprop=\"width\" content=\"300\"> <meta itemprop=\"height\" content=\"225\"> <img data-attachment-id=\"64\" data-orig-file=\"http:\/\/www.combetabeillon.ch\/2015\/wp-content\/uploads\/lavabos001.jpg\" data-orig-size=\"800,600\" data-comments-opened=\"\" data-image-meta=\"{&quot;aperture&quot;:&quot;0&quot;,&quot;credit&quot;:&quot;&quot;,&quot;camera&quot;:&quot;&quot;,&quot;caption&quot;:&quot;&quot;,&quot;created_timestamp&quot;:&quot;0&quot;,&quot;copyright&quot;:&quot;&quot;,&quot;focal_length&quot;:&quot;0&quot;,&quot;iso&quot;:&quot;0&quot;,&quot;shutter_speed&quot;:&quot;0&quot;,&quot;title&quot;:&quot;&quot;,&quot;orientation&quot;:&quot;0&quot;}\" data-image-title=\"Badezimmer &#8211; 2 grosse Lavabos\" data-image-description=\"\" data-medium-file=\"https:\/\/i0.wp.com\/www.combetabeillon.ch\/2015\/wp-content\/uploads\/lavabos001.jpg?fit=300%2C225\" data-large-file=\"https:\/\/i0.wp.com\/www.combetabeillon.ch\/2015\/wp-content\/uploads\/lavabos001.jpg?fit=648%2C486\" src=\"https:\/\/i0.wp.com\/www.combetabeillon.ch\/2015\/wp-content\/uploads\/lavabos001.jpg?w=300&#038;h=225\" width=\"300\" height=\"225\" data-original-width=\"300\" data-original-height=\"225\" itemprop=\"http:\/\/schema.org\/image\" title=\"Badezimmer - 2 grosse Lavabos\" alt=\"Badezimmer - 2 grosse Lavabos\" style=\"width: 300px; height: 225px;\" \/> <\/a> <div class=\"tiled-gallery-caption\" itemprop=\"caption description\"> Badezimmer &#8211; 2 grosse Lavabos <\/div> <\/div> <\/div> <!-- close group --> <div class=\"gallery-group images-1\" style=\"width: 344px; height: 458px;\" data-original-width=\"344\" data-original-height=\"458\" > <div class=\"tiled-gallery-item tiled-gallery-item-large\" itemprop=\"associatedMedia\" itemscope itemtype=\"http:\/\/schema.org\/ImageObject\"> <a href=\"http:\/\/www.combetabeillon.ch\/de\/douches001\/\" border=\"0\" itemprop=\"url\"> <meta itemprop=\"width\" content=\"340\"> <meta itemprop=\"height\" content=\"454\"> <img data-attachment-id=\"62\" data-orig-file=\"http:\/\/www.combetabeillon.ch\/2015\/wp-content\/uploads\/douches001.jpg\" data-orig-size=\"450,600\" data-comments-opened=\"\" data-image-meta=\"{&quot;aperture&quot;:&quot;0&quot;,&quot;credit&quot;:&quot;&quot;,&quot;camera&quot;:&quot;&quot;,&quot;caption&quot;:&quot;&quot;,&quot;created_timestamp&quot;:&quot;0&quot;,&quot;copyright&quot;:&quot;&quot;,&quot;focal_length&quot;:&quot;0&quot;,&quot;iso&quot;:&quot;0&quot;,&quot;shutter_speed&quot;:&quot;0&quot;,&quot;title&quot;:&quot;&quot;,&quot;orientation&quot;:&quot;0&quot;}\" data-image-title=\"Badezimmer &#8211; 5 Duschen\" data-image-description=\"\" data-medium-file=\"https:\/\/i0.wp.com\/www.combetabeillon.ch\/2015\/wp-content\/uploads\/douches001.jpg?fit=225%2C300\" data-large-file=\"https:\/\/i0.wp.com\/www.combetabeillon.ch\/2015\/wp-content\/uploads\/douches001.jpg?fit=450%2C600\" src=\"https:\/\/i0.wp.com\/www.combetabeillon.ch\/2015\/wp-content\/uploads\/douches001.jpg?w=340&#038;h=454\" width=\"340\" height=\"454\" data-original-width=\"340\" data-original-height=\"454\" itemprop=\"http:\/\/schema.org\/image\" title=\"Badezimmer - 5 Duschen\" alt=\"Badezimmer - 5 Duschen\" style=\"width: 340px; height: 454px;\" \/> <\/a> <div class=\"tiled-gallery-caption\" itemprop=\"caption description\"> Badezimmer &#8211; 5 Duschen <\/div> <\/div> <\/div> <!-- close group --> <\/div> <!-- close row --> <\/div><\/p>","protected":false},"excerpt":{"rendered":"<p>Im 1. Stock befinden sich zwei Gruppenunterk\u00fcnfte. In jeden k\u00f6nnen 12 Personen schlafen. Das Zimmer hat ein Doppelbett und zwei Kaj\u00fctenbetten. Daneben befinden sich 2 Toiletten, 2 grosse Lavabos und 5\u00a0Duschen.<\/p>\n","protected":false},"author":1,"featured_media":0,"parent":99,"menu_order":3,"comment_status":"closed","ping_status":"closed","template":"page-fullwidth.php","meta":[],"yoast_head":"<!-- This site is optimized with the Yoast SEO plugin v19.12 - https:\/\/yoast.com\/wordpress\/plugins\/seo\/ -->\n<title>Fotos von der 1. Etage mit Schlafs\u00e4len<\/title>\n<meta name=\"description\" content=\"Galerie photo du 1er \u00e9tage de la ferme de la Combe Tabeillon avec les dortoirs, la chambre et la salle de bainsFoto-Galerie 1. Stock des Bauernhofes von Combe Tabeillon mit Schlafs\u00e4len, das Zimmer und das Bad\" \/>\n<meta name=\"robots\" content=\"index, follow, max-snippet:-1, max-image-preview:large, max-video-preview:-1\" \/>\n<link rel=\"canonical\" href=\"http:\/\/www.combetabeillon.ch\/de\/galerie\/1er-etage\/\" \/>\n<meta property=\"og:locale\" content=\"de_DE\" \/>\n<meta property=\"og:type\" content=\"article\" \/>\n<meta property=\"og:title\" content=\"Fotos von der 1. Etage mit Schlafs\u00e4len\" \/>\n<meta property=\"og:description\" content=\"Galerie photo du 1er \u00e9tage de la ferme de la Combe Tabeillon avec les dortoirs, la chambre et la salle de bainsFoto-Galerie 1. Stock des Bauernhofes von Combe Tabeillon mit Schlafs\u00e4len, das Zimmer und das Bad\" \/>\n<meta property=\"og:url\" content=\"http:\/\/www.combetabeillon.ch\/de\/galerie\/1er-etage\/\" \/>\n<meta property=\"og:site_name\" content=\"Baurnhof der Combe Tabeillon\" \/>\n<meta property=\"article:modified_time\" content=\"2017-08-09T05:53:48+00:00\" \/>\n<meta property=\"og:image\" content=\"https:\/\/i0.wp.com\/www.combetabeillon.ch\/2015\/wp-content\/uploads\/dortoir001.jpg?w=668&#038;h=501\" \/>\n<script type=\"application\/ld+json\" class=\"yoast-schema-graph\">{\"@context\":\"https:\/\/schema.org\",\"@graph\":[{\"@type\":\"WebPage\",\"@id\":\"http:\/\/www.combetabeillon.ch\/de\/galerie\/1er-etage\/\",\"url\":\"http:\/\/www.combetabeillon.ch\/de\/galerie\/1er-etage\/\",\"name\":\"Fotos von der 1. Etage mit Schlafs\u00e4len\",\"isPartOf\":{\"@id\":\"https:\/\/www.combetabeillon.ch\/de\/#website\"},\"datePublished\":\"2015-04-15T17:07:31+00:00\",\"dateModified\":\"2017-08-09T05:53:48+00:00\",\"description\":\"Galerie photo du 1er \u00e9tage de la ferme de la Combe Tabeillon avec les dortoirs, la chambre et la salle de bainsFoto-Galerie 1. Stock des Bauernhofes von Combe Tabeillon mit Schlafs\u00e4len, das Zimmer und das Bad\",\"breadcrumb\":{\"@id\":\"http:\/\/www.combetabeillon.ch\/de\/galerie\/1er-etage\/#breadcrumb\"},\"inLanguage\":\"de-DE\",\"potentialAction\":[{\"@type\":\"ReadAction\",\"target\":[\"http:\/\/www.combetabeillon.ch\/de\/galerie\/1er-etage\/\"]}]},{\"@type\":\"BreadcrumbList\",\"@id\":\"http:\/\/www.combetabeillon.ch\/de\/galerie\/1er-etage\/#breadcrumb\",\"itemListElement\":[{\"@type\":\"ListItem\",\"position\":1,\"name\":\"Accueil\",\"item\":\"https:\/\/www.combetabeillon.ch\/de\/\"},{\"@type\":\"ListItem\",\"position\":2,\"name\":\"Galerie\",\"item\":\"https:\/\/www.combetabeillon.ch\/galerie\/\"},{\"@type\":\"ListItem\",\"position\":3,\"name\":\"1. Stock\"}]},{\"@type\":\"WebSite\",\"@id\":\"https:\/\/www.combetabeillon.ch\/de\/#website\",\"url\":\"https:\/\/www.combetabeillon.ch\/de\/\",\"name\":\"Baurnhof der Combe Tabeillon\",\"description\":\"\",\"potentialAction\":[{\"@type\":\"SearchAction\",\"target\":{\"@type\":\"EntryPoint\",\"urlTemplate\":\"https:\/\/www.combetabeillon.ch\/de\/?s={search_term_string}\"},\"query-input\":\"required name=search_term_string\"}],\"inLanguage\":\"de-DE\"}]}<\/script>\n<!-- \/ Yoast SEO plugin. -->","yoast_head_json":{"title":"Fotos von der 1. Etage mit Schlafs\u00e4len","description":"Galerie photo du 1er \u00e9tage de la ferme de la Combe Tabeillon avec les dortoirs, la chambre et la salle de bainsFoto-Galerie 1. Stock des Bauernhofes von Combe Tabeillon mit Schlafs\u00e4len, das Zimmer und das Bad","robots":{"index":"index","follow":"follow","max-snippet":"max-snippet:-1","max-image-preview":"max-image-preview:large","max-video-preview":"max-video-preview:-1"},"canonical":"http:\/\/www.combetabeillon.ch\/de\/galerie\/1er-etage\/","og_locale":"de_DE","og_type":"article","og_title":"Fotos von der 1. Etage mit Schlafs\u00e4len","og_description":"Galerie photo du 1er \u00e9tage de la ferme de la Combe Tabeillon avec les dortoirs, la chambre et la salle de bainsFoto-Galerie 1. Stock des Bauernhofes von Combe Tabeillon mit Schlafs\u00e4len, das Zimmer und das Bad","og_url":"http:\/\/www.combetabeillon.ch\/de\/galerie\/1er-etage\/","og_site_name":"Baurnhof der Combe Tabeillon","article_modified_time":"2017-08-09T05:53:48+00:00","og_image":[{"url":"https:\/\/i0.wp.com\/www.combetabeillon.ch\/2015\/wp-content\/uploads\/dortoir001.jpg?w=668&#038;h=501"}],"schema":{"@context":"https:\/\/schema.org","@graph":[{"@type":"WebPage","@id":"http:\/\/www.combetabeillon.ch\/de\/galerie\/1er-etage\/","url":"http:\/\/www.combetabeillon.ch\/de\/galerie\/1er-etage\/","name":"Fotos von der 1. Etage mit Schlafs\u00e4len","isPartOf":{"@id":"https:\/\/www.combetabeillon.ch\/de\/#website"},"datePublished":"2015-04-15T17:07:31+00:00","dateModified":"2017-08-09T05:53:48+00:00","description":"Galerie photo du 1er \u00e9tage de la ferme de la Combe Tabeillon avec les dortoirs, la chambre et la salle de bainsFoto-Galerie 1. Stock des Bauernhofes von Combe Tabeillon mit Schlafs\u00e4len, das Zimmer und das Bad","breadcrumb":{"@id":"http:\/\/www.combetabeillon.ch\/de\/galerie\/1er-etage\/#breadcrumb"},"inLanguage":"de-DE","potentialAction":[{"@type":"ReadAction","target":["http:\/\/www.combetabeillon.ch\/de\/galerie\/1er-etage\/"]}]},{"@type":"BreadcrumbList","@id":"http:\/\/www.combetabeillon.ch\/de\/galerie\/1er-etage\/#breadcrumb","itemListElement":[{"@type":"ListItem","position":1,"name":"Accueil","item":"https:\/\/www.combetabeillon.ch\/de\/"},{"@type":"ListItem","position":2,"name":"Galerie","item":"https:\/\/www.combetabeillon.ch\/galerie\/"},{"@type":"ListItem","position":3,"name":"1. Stock"}]},{"@type":"WebSite","@id":"https:\/\/www.combetabeillon.ch\/de\/#website","url":"https:\/\/www.combetabeillon.ch\/de\/","name":"Baurnhof der Combe Tabeillon","description":"","potentialAction":[{"@type":"SearchAction","target":{"@type":"EntryPoint","urlTemplate":"https:\/\/www.combetabeillon.ch\/de\/?s={search_term_string}"},"query-input":"required name=search_term_string"}],"inLanguage":"de-DE"}]}},"_links":{"self":[{"href":"http:\/\/www.combetabeillon.ch\/de\/wp-json\/wp\/v2\/pages\/109"}],"collection":[{"href":"http:\/\/www.combetabeillon.ch\/de\/wp-json\/wp\/v2\/pages"}],"about":[{"href":"http:\/\/www.combetabeillon.ch\/de\/wp-json\/wp\/v2\/types\/page"}],"author":[{"embeddable":true,"href":"http:\/\/www.combetabeillon.ch\/de\/wp-json\/wp\/v2\/users\/1"}],"replies":[{"embeddable":true,"href":"http:\/\/www.combetabeillon.ch\/de\/wp-json\/wp\/v2\/comments?post=109"}],"version-history":[{"count":7,"href":"http:\/\/www.combetabeillon.ch\/de\/wp-json\/wp\/v2\/pages\/109\/revisions"}],"predecessor-version":[{"id":619,"href":"http:\/\/www.combetabeillon.ch\/de\/wp-json\/wp\/v2\/pages\/109\/revisions\/619"}],"up":[{"embeddable":true,"href":"http:\/\/www.combetabeillon.ch\/de\/wp-json\/wp\/v2\/pages\/99"}],"wp:attachment":[{"href":"http:\/\/www.combetabeillon.ch\/de\/wp-json\/wp\/v2\/media?parent=109"}],"curies":[{"name":"wp","href":"https:\/\/api.w.org\/{rel}","templated":true}]}}